{"id":6232,"date":"2024-02-01T12:26:44","date_gmt":"2024-02-01T10:26:44","guid":{"rendered":"https:\/\/www.kubbvm.com\/?page_id=6232"},"modified":"2026-01-12T19:53:54","modified_gmt":"2026-01-12T17:53:54","slug":"accommodation","status":"publish","type":"page","link":"https:\/\/www.kubbvm.com\/en\/accommodation\/","title":{"rendered":"Accommodation"},"content":{"rendered":"<div id='full_slider_1'  class='avia-fullwidth-slider main_color avia-shadow   avia-builder-el-0  el_before_av_four_fifth  avia-builder-el-first   container_wrap fullsize'  >\n<style type=\"text\/css\" data-created_by=\"avia_inline_auto\" id=\"style-css-av-8r1va0-3f2b4be0a63cf59ee736a606420f758a\">\n#top #wrap_all .avia-slideshow .av-slideshow-caption.av-8r1va0-3f2b4be0a63cf59ee736a606420f758a__0 .avia-caption-title{\nfont-size:55px;\n}\n#top .avia-slideshow .av-slideshow-caption.av-8r1va0-3f2b4be0a63cf59ee736a606420f758a__0 .avia-caption-content{\nfont-size:40px;\n}\n#top .avia-slideshow .av-slideshow-caption.av-8r1va0-3f2b4be0a63cf59ee736a606420f758a__0 .avia-caption-content p{\nfont-size:40px;\n}\n<\/style>\n<div  class='avia-slideshow av-8r1va0-3f2b4be0a63cf59ee736a606420f758a avia-slideshow-featured av_slideshow_full avia-slide-slider av-slideshow-ui av-control-default av-slideshow-manual av-loop-once av-loop-manual-endless av-default-height-applied   avia-slideshow-1' data-slideshow-options=\"{&quot;animation&quot;:&quot;slide&quot;,&quot;autoplay&quot;:false,&quot;loop_autoplay&quot;:&quot;once&quot;,&quot;interval&quot;:5,&quot;loop_manual&quot;:&quot;manual-endless&quot;,&quot;autoplay_stopper&quot;:false,&quot;noNavigation&quot;:false,&quot;bg_slider&quot;:false,&quot;keep_padding&quot;:false,&quot;hoverpause&quot;:false,&quot;show_slide_delay&quot;:0}\"  itemprop=\"image\" itemscope=\"itemscope\" itemtype=\"https:\/\/schema.org\/ImageObject\" ><ul class='avia-slideshow-inner ' style='padding-bottom: 28.666666666667%;'><li  class='avia-slideshow-slide av-8r1va0-3f2b4be0a63cf59ee736a606420f758a__0  av-single-slide slide-1 slide-odd'><div data-rel='slideshow-1' class='avia-slide-wrap '   ><img decoding=\"async\" fetchpriority=\"high\" class=\"wp-image-6009 avia-img-lazy-loading-not-6009\"  src=\"https:\/\/www.kubbvm.com\/wp-content\/uploads\/2023\/10\/DSC00402-1500x430.jpg\" width=\"1500\" height=\"430\" title='DSC00402' alt=''  itemprop=\"thumbnailUrl\"   \/><\/div><\/li><\/ul><\/div><\/div><div id='after_full_slider_1'  class='main_color av_default_container_wrap container_wrap fullsize'  ><div class='container av-section-cont-open' ><div class='template-page content  av-content-full alpha units'><div class='post-entry post-entry-type-page post-entry-6232'><div class='entry-content-wrapper clearfix'>\n\n<style type=\"text\/css\" data-created_by=\"avia_inline_auto\" id=\"style-css-av-5dsii0-fb3b8047d44eb0dc3d4b4905770d7674\">\n.flex_column.av-5dsii0-fb3b8047d44eb0dc3d4b4905770d7674{\nborder-radius:0px 0px 0px 0px;\npadding:0px 0px 0px 0px;\n}\n<\/style>\n<div  class='flex_column av-5dsii0-fb3b8047d44eb0dc3d4b4905770d7674 av_four_fifth  avia-builder-el-1  el_after_av_slideshow_full  el_before_av_hr  avia-builder-el-first  first flex_column_div av-zero-column-padding  '     ><p>\n<style type=\"text\/css\" data-created_by=\"avia_inline_auto\" id=\"style-css-av-ls32n5xs-2a600ab4a4b3d9de8cad34b63051799a\">\n#top .av-special-heading.av-ls32n5xs-2a600ab4a4b3d9de8cad34b63051799a{\npadding-bottom:0;\n}\nbody .av-special-heading.av-ls32n5xs-2a600ab4a4b3d9de8cad34b63051799a .av-special-heading-tag .heading-char{\nfont-size:25px;\n}\n.av-special-heading.av-ls32n5xs-2a600ab4a4b3d9de8cad34b63051799a .av-subheading{\nfont-size:20px;\n}\n<\/style>\n<div  class='av-special-heading av-ls32n5xs-2a600ab4a4b3d9de8cad34b63051799a av-special-heading-h2 meta-heading blockquote modern-quote  avia-builder-el-2  el_before_av_hr  avia-builder-el-first '><h2 class='av-special-heading-tag '  itemprop=\"headline\"  >Kubb WC Camping<\/h2><div class=\"special-heading-border\"><div class=\"special-heading-inner-border\"><\/div><\/div><\/div><br \/>\n\n<style type=\"text\/css\" data-created_by=\"avia_inline_auto\" id=\"style-css-av-40p3yg-d8067954f5384cb85a5cff6749fb98e2\">\n#top .hr.av-40p3yg-d8067954f5384cb85a5cff6749fb98e2{\nmargin-top:20px;\nmargin-bottom:15px;\n}\n.hr.av-40p3yg-d8067954f5384cb85a5cff6749fb98e2 .hr-inner{\nwidth:100%;\nborder-color:#d40000;\n}\n<\/style>\n<div  class='hr av-40p3yg-d8067954f5384cb85a5cff6749fb98e2 hr-custom  avia-builder-el-3  el_after_av_heading  el_before_av_button  hr-left hr-icon-no'><span class='hr-inner inner-border-av-border-fat'><span class=\"hr-inner-style\"><\/span><\/span><\/div><br \/>\n<div  class='avia-button-wrap av-lt71si74-ffd79124acd9adc21466e943407a2886-wrap avia-button-left  avia-builder-el-4  el_after_av_hr  el_before_av_textblock '><a href='https:\/\/www.nortic.se\/ticket\/event\/77600'  class='avia-button av-lt71si74-ffd79124acd9adc21466e943407a2886 av-link-btn avia-icon_select-yes-right-icon avia-size-x-large avia-position-left avia-color-theme-color'  target=\"_blank\"  rel=\"noopener noreferrer\"  aria-label=\"To booking of camping\"><span class='avia_iconbox_title' >To booking of camping<\/span><span class='avia_button_icon avia_button_icon_right avia-iconfont avia-font-entypo-fontello' data-av_icon='\ue835' data-av_iconfont='entypo-fontello' ><\/span><\/a><\/div><br \/>\n\n<style type=\"text\/css\" data-created_by=\"avia_inline_auto\" id=\"style-css-av-ls32ner4-3b7d02229f2af11ff9094f0be12a5aac\">\n#top .av_textblock_section.av-ls32ner4-3b7d02229f2af11ff9094f0be12a5aac .avia_textblock{\nfont-size:17px;\n}\n<\/style>\n<section  class='av_textblock_section av-ls32ner4-3b7d02229f2af11ff9094f0be12a5aac '   itemscope=\"itemscope\" itemtype=\"https:\/\/schema.org\/CreativeWork\" ><div class='avia_textblock'  itemprop=\"text\" ><h3><\/h3>\n<h3>Camping rules<\/h3>\n<p>Camping is only open for camping guests with camping bracelets, all camping guests needs to wear their bracelet. You pay per person and amount of nights, not per tent\/camper van\/caravan etc.<\/p>\n<div id=\"comp-k9tlakiq\" class=\"KcpHeO tz5f0K comp-k9tlakiq wixui-rich-text\" data-testid=\"richTextElement\">\n<p class=\"font_8 wixui-rich-text__text\"><span class=\"wixui-rich-text__text\">\u2022 The camp is open from Wednesday 16:00 to Sunday 12:00<\/span><\/p>\n<p class=\"font_8 wixui-rich-text__text\"><span class=\"wixui-rich-text__text\">\u2022 The camp is only open for Kubb WC participators. (Please contact info@kubbvm.com if you need camping ticket for non participators)<\/span><\/p>\n<p class=\"font_8 wixui-rich-text__text\"><span class=\"wixui-rich-text__text\">\u2022 You need to be at-least 18 years old for camping access, if you are not accompanied by a guardian.<\/span><\/p>\n<p class=\"font_8 wixui-rich-text__text\"><span class=\"wixui-rich-text__text\">\u2022 No music is aloud durring night time (After 23:00).<\/span><\/p>\n<p class=\"font_8 wixui-rich-text__text\"><span class=\"wixui-rich-text__text\">\u2022 Toilets\/showers\/drinking water is available close to the camping.\u00a0<\/span><\/p>\n<p class=\"font_8 wixui-rich-text__text\"><span class=\"wixui-rich-text__text\">\u2022 Free placement of tent etc, but the camping organization is allowed to move your tent etc if needed due to different circumstances\u00a0<\/span><\/p>\n<p class=\"font_8 wixui-rich-text__text\"><span class=\"wixui-rich-text__text\">\u2022 No fires are allowed.<\/span><\/p>\n<p class=\"font_8 wixui-rich-text__text\"><span class=\"wixui-rich-text__text\">\u2022 No spray cans are allowed due to risk of fire<\/span><\/p>\n<\/div>\n<div id=\"comp-k9tlcepb\" class=\"KcpHeO tz5f0K comp-k9tlcepb wixui-rich-text\" data-testid=\"richTextElement\">\n<p class=\"font_8 wixui-rich-text__text\" style=\"text-align: left;\"><span class=\"wixui-rich-text__text\">\u2022 No music systems connected to car batteries\/generators are allowed<\/span><\/p>\n<p class=\"font_8 wixui-rich-text__text\" style=\"text-align: left;\"><span class=\"wixui-rich-text__text\">\u2022 Please help us to take care of all garbage. Cans will be available at the camping entry.<\/span><\/p>\n<p class=\"font_8 wixui-rich-text__text\" style=\"text-align: left;\"><span class=\"wixui-rich-text__text\">\u2022 The Kubb WC organization does not take responsibility for stolen items. Findings will be available in the secretary and later on to the police in Visby.<\/span><\/p>\n<p class=\"font_8 wixui-rich-text__text\" style=\"text-align: left;\"><span class=\"wixui-rich-text__text\">\u2022 Knives, pepper spray and drugs are not allowed\u00a0<\/span><\/p>\n<p class=\"font_8 wixui-rich-text__text\" style=\"text-align: left;\"><span class=\"wixui-rich-text__text\">\u2022 The Kubb organization has the opportunity to remove your camping bracelet if you are not following the camping rules.<\/span><\/p>\n<p class=\"font_8 wixui-rich-text__text\" style=\"text-align: left;\"><span class=\"wixui-rich-text__text\">\u2022 Have fun!!<\/span><\/p>\n<\/div>\n<h3><\/h3>\n<h3><\/h3>\n<h3><\/h3>\n<h3><\/h3>\n<h3><\/h3>\n<h3><\/h3>\n<h3><\/h3>\n<h3><\/h3>\n<h3><\/h3>\n<h3><\/h3>\n<h3><\/h3>\n<h3><\/h3>\n<h3>How to arrange the accommodation<\/h3>\n<p>Here are a few links to some housing alternatives during your stay in Gotland. Not all sites are translated into English, but if you have any questions about this, please send us an e-mail and we will see what we can do for you.<\/p>\n<ul>\n<li><a href=\"http:\/\/www.burs.nu\/bygdegard.htm\" target=\"_blank\" rel=\"noopener\">I Burs bygdeg\u00e5rd<\/a> 6 km from VM arena<\/li>\n<li><a href=\"http:\/\/www.burs.se\/\" target=\"_blank\" rel=\"noopener\">Allmunde i Burs.<\/a> 6 km from VM arena<\/li>\n<li><a href=\"https:\/\/www.vandrarhemskartan.se\/0490348\/Hemse_Vandrarhem\" target=\"_blank\" rel=\"noopener\">Hemse Vandrarhem<\/a> In central of Hemse 6 km from VM arena<\/li>\n<li><a href=\"https:\/\/www.booking.com\/hotel\/se\/ronehamn-bed-and-breakfast.sv.html?group_adults=2&amp;dest_id=-2515540&amp;room1=A%2CA&amp;req_children=0&amp;label=Share-uSIwju%401675072086&amp;aid=1258472&amp;auth_success=1&amp;group_children=0&amp;no_rooms=1&amp;req_adults=2&amp;dest_type=city\">Ronehamnsv\u00e4gen 44<\/a>, bed and breakfast for four people<\/li>\n<li>N\u00e4r Hamng\u00e5rdsv\u00e4gen 11. Small house with four beds,1200 SEK\/night<br \/>\nContact: Bengt Loquist +46 708246575. Email: Bengt.loq@gmail.com<\/li>\n<li>Old school hostel in Rone next to the WC Arena. Room for 2, 4 and 6 people. Contact: jbjork89@gmail.com<\/li>\n<li><strong>Rone Ek\u00e4gen 121<\/strong>, 500 m to the VM arena. 5 beds ink shower and WC. 500SEK\/night. Contact: runeirone@gmail.com <span style=\"color: #ff0000;\">Fully booked 2025<\/span><\/li>\n<li>Here you can find more accommodations: <a href=\"https:\/\/www.destinationgotland.se\/sv\/boende\/\" target=\"_blank\" rel=\"noopener\">Boende p\u00e5 Gotland<\/a><\/li>\n<\/ul>\n<p>Stay in Rone:<\/p>\n<div class='avia-iframe-wrap'>\n<blockquote class=\"wp-embedded-content\" data-secret=\"b7aEk8HBte\">\n<p><a href=\"https:\/\/rone.se\/boende\/\">Boende<\/a><\/p>\n<\/blockquote>\n<p><iframe loading=\"lazy\" class=\"wp-embedded-content\" sandbox=\"allow-scripts\" security=\"restricted\" style=\"position: absolute; visibility: hidden;\" title=\"\u201dBoende\u201d &ndash; Rone socken p\u00e5 Gotland\" src=\"https:\/\/rone.se\/boende\/embed\/#?secret=Z3WViZ9ITH#?secret=b7aEk8HBte\" data-secret=\"b7aEk8HBte\" width=\"600\" height=\"338\" frameborder=\"0\" marginwidth=\"0\" marginheight=\"0\" scrolling=\"no\"><\/iframe><\/div>\n<\/div><\/section><\/p><\/div>\n<style type=\"text\/css\" data-created_by=\"avia_inline_auto\" id=\"style-css-av-1x4cfc-bdb5d5b9975cedf659732dcbb326c483\">\n#top .hr.hr-invisible.av-1x4cfc-bdb5d5b9975cedf659732dcbb326c483{\nheight:50px;\n}\n<\/style>\n<div  class='hr av-1x4cfc-bdb5d5b9975cedf659732dcbb326c483 hr-invisible  avia-builder-el-6  el_after_av_four_fifth  avia-builder-el-last '><span class='hr-inner '><span class=\"hr-inner-style\"><\/span><\/span><\/div><\/p>\n","protected":false},"excerpt":{"rendered":"","protected":false},"author":1,"featured_media":0,"parent":0,"menu_order":0,"comment_status":"closed","ping_status":"closed","template":"","meta":{"footnotes":""},"class_list":["post-6232","page","type-page","status-publish","hentry"],"_links":{"self":[{"href":"https:\/\/www.kubbvm.com\/en\/wp-json\/wp\/v2\/pages\/6232","targetHints":{"allow":["GET"]}}],"collection":[{"href":"https:\/\/www.kubbvm.com\/en\/wp-json\/wp\/v2\/pages"}],"about":[{"href":"https:\/\/www.kubbvm.com\/en\/wp-json\/wp\/v2\/types\/page"}],"author":[{"embeddable":true,"href":"https:\/\/www.kubbvm.com\/en\/wp-json\/wp\/v2\/users\/1"}],"replies":[{"embeddable":true,"href":"https:\/\/www.kubbvm.com\/en\/wp-json\/wp\/v2\/comments?post=6232"}],"version-history":[{"count":14,"href":"https:\/\/www.kubbvm.com\/en\/wp-json\/wp\/v2\/pages\/6232\/revisions"}],"predecessor-version":[{"id":8291,"href":"https:\/\/www.kubbvm.com\/en\/wp-json\/wp\/v2\/pages\/6232\/revisions\/8291"}],"wp:attachment":[{"href":"https:\/\/www.kubbvm.com\/en\/wp-json\/wp\/v2\/media?parent=6232"}],"curies":[{"name":"wp","href":"https:\/\/api.w.org\/{rel}","templated":true}]}}